{"id":4284,"date":"2015-12-04T15:51:29","date_gmt":"2015-12-04T15:51:29","guid":{"rendered":"http:\/\/documentation.feed.biz\/?page_id=4284&#038;lang=fr"},"modified":"2017-02-06T12:30:01","modified_gmt":"2017-02-06T12:30:01","slug":"accueil","status":"publish","type":"page","link":"https:\/\/documentation.feed.biz\/fr\/accueil\/","title":{"rendered":"Accueil"},"content":{"rendered":"<p><span class=\"path\"><a title=\"Accueil\" href=\"http:\/\/documentation.feed.biz\/?lang=fr\">Accueil<\/a><\/span><\/p>\n<p class=\"m-t15 m-b15\">Bienvenue sur\u00a0la documentation en ligne sur Feed.biz.<\/p>\n<p class=\"m-t15 m-b15\">Si vous \u00eates arriv\u00e9 directement sur cette page, nous vous recommandons de la quitter et de vous laisser directement guider depuis l&#8217;interface Feed.biz, en effet, vous constaterez que chaque page de Feed.biz contient un lien vers sa page de documentation, ainsi, vous irez \u00e0 l&#8217;essentiel, vous gagnerez du temps&nbsp;;<\/p>\n<p class=\"m-t15 m-b15\">\n<p class=\"m-t15 m-b15\"><img loading=\"lazy\" decoding=\"async\" class=\"wp-image-4429 size-large aligncenter\" src=\"http:\/\/documentation.feed.biz\/wp-content\/uploads\/2015\/12\/2015-12-10_16-21-27-1024x261.png\" alt=\"2015-12-10_16-21-27\" width=\"625\" height=\"159\" srcset=\"https:\/\/documentation.feed.biz\/wp-content\/uploads\/2015\/12\/2015-12-10_16-21-27-1024x261.png 1024w, https:\/\/documentation.feed.biz\/wp-content\/uploads\/2015\/12\/2015-12-10_16-21-27-300x77.png 300w, https:\/\/documentation.feed.biz\/wp-content\/uploads\/2015\/12\/2015-12-10_16-21-27-768x196.png 768w, https:\/\/documentation.feed.biz\/wp-content\/uploads\/2015\/12\/2015-12-10_16-21-27-624x159.png 624w, https:\/\/documentation.feed.biz\/wp-content\/uploads\/2015\/12\/2015-12-10_16-21-27.png 1235w\" sizes=\"(max-width: 625px) 100vw, 625px\" \/><\/p>\n<p class=\"m-t15 m-b15\">\n<p class=\"m-t15 m-b15\">La documentation est divis\u00e9e\u00a0en diff\u00e9rentes section, une g\u00e9n\u00e9rale et une pour chaque\u00a0place de march\u00e9\u00a0:<\/p>\n<ul class=\"p-l20 list-unstyled\">\n<li><a href=\"https:\/\/documentation.feed.biz\/fr\/documentation-generale\/\">Documentation G\u00e9n\u00e9rale<\/a><\/li>\n<li><a href=\"https:\/\/documentation.feed.biz\/fr\/documentation-ebay\/\">Documentation eBay<\/a><\/li>\n<li><a href=\"https:\/\/documentation.feed.biz\/fr\/documentation-amazon\/\">Documentation Amazon<\/a><\/li>\n<li><a href=\"https:\/\/documentation.feed.biz\/fr\/documentation-cdiscount\/\">Documentation Cdiscount<\/a><\/li>\n<\/ul>\n<p>&nbsp;<\/p>\n<p>Les sections\u00a0les plus communes ou les plus complexes sont expliqu\u00e9es dans des tutoriels vid\u00e9os, vous retrouverez\u00a0l&#8217;ensemble des tutoriels vid\u00e9os sur une page dans le Help Center, sur votre\u00a0backoffice Feed.biz&nbsp;;<\/p>\n<p>&nbsp;<\/p>\n<p><img loading=\"lazy\" decoding=\"async\" class=\"wp-image-4428 size-large aligncenter\" src=\"http:\/\/documentation.feed.biz\/wp-content\/uploads\/2015\/12\/2015-12-10_16-18-22-1024x822.png\" alt=\"2015-12-10_16-18-22\" width=\"625\" height=\"502\" srcset=\"https:\/\/documentation.feed.biz\/wp-content\/uploads\/2015\/12\/2015-12-10_16-18-22-1024x822.png 1024w, https:\/\/documentation.feed.biz\/wp-content\/uploads\/2015\/12\/2015-12-10_16-18-22-300x241.png 300w, https:\/\/documentation.feed.biz\/wp-content\/uploads\/2015\/12\/2015-12-10_16-18-22-768x617.png 768w, https:\/\/documentation.feed.biz\/wp-content\/uploads\/2015\/12\/2015-12-10_16-18-22-624x501.png 624w, https:\/\/documentation.feed.biz\/wp-content\/uploads\/2015\/12\/2015-12-10_16-18-22.png 1615w\" sizes=\"(max-width: 625px) 100vw, 625px\" \/><\/p>\n<p>&nbsp;<\/p>\n<p>&nbsp;<\/p>\n<p>&nbsp;<\/p>\n","protected":false},"excerpt":{"rendered":"<p>Accueil Bienvenue sur\u00a0la documentation en ligne sur Feed.biz. Si vous \u00eates arriv\u00e9 directement sur cette page, nous vous recommandons de la quitter et de vous laisser directement guider depuis l&#8217;interface Feed.biz, en effet, vous constaterez que chaque page de Feed.biz contient un lien vers sa page de documentation, ainsi, vous &#8230;<\/p>\n","protected":false},"author":4,"featured_media":0,"parent":0,"menu_order":0,"comment_status":"closed","ping_status":"closed","template":"","meta":{"footnotes":""},"categories":[220],"tags":[],"class_list":["post-4284","page","type-page","status-publish","hentry","category-feed-biz"],"yoast_head":"<!-- This site is optimized with the Yoast SEO plugin v23.4 - https:\/\/yoast.com\/wordpress\/plugins\/seo\/ -->\n<title>Accueil - Documentation | Feed.Biz<\/title>\n<meta name=\"robots\" content=\"index, follow, max-snippet:-1, max-image-preview:large, max-video-preview:-1\" \/>\n<link rel=\"canonical\" href=\"https:\/\/documentation.feed.biz\/\" \/>\n<meta property=\"og:locale\" content=\"en_US\" \/>\n<meta property=\"og:type\" content=\"article\" \/>\n<meta property=\"og:title\" content=\"Accueil - Documentation | Feed.Biz\" \/>\n<meta property=\"og:description\" content=\"Accueil Bienvenue sur\u00a0la documentation en ligne sur Feed.biz. Si vous \u00eates arriv\u00e9 directement sur cette page, nous vous recommandons de la quitter et de vous laisser directement guider depuis l&#8217;interface Feed.biz, en effet, vous constaterez que chaque page de Feed.biz contient un lien vers sa page de documentation, ainsi, vous ...\" \/>\n<meta property=\"og:url\" content=\"https:\/\/documentation.feed.biz\/fr\/\" \/>\n<meta property=\"og:site_name\" content=\"Documentation | Feed.Biz\" \/>\n<meta property=\"article:modified_time\" content=\"2017-02-06T12:30:01+00:00\" \/>\n<meta property=\"og:image\" content=\"http:\/\/documentation.feed.biz\/wp-content\/uploads\/2015\/12\/2015-12-10_16-21-27-1024x261.png\" \/>\n<meta name=\"twitter:card\" content=\"summary_large_image\" \/>\n<meta name=\"twitter:label1\" content=\"Est. reading time\" \/>\n\t<meta name=\"twitter:data1\" content=\"1 minute\" \/>\n<script type=\"application\/ld+json\" class=\"yoast-schema-graph\">{\"@context\":\"https:\/\/schema.org\",\"@graph\":[{\"@type\":\"WebPage\",\"@id\":\"https:\/\/documentation.feed.biz\/fr\/\",\"url\":\"https:\/\/documentation.feed.biz\/fr\/\",\"name\":\"Accueil - Documentation | Feed.Biz\",\"isPartOf\":{\"@id\":\"https:\/\/documentation.feed.biz\/#website\"},\"primaryImageOfPage\":{\"@id\":\"https:\/\/documentation.feed.biz\/fr\/#primaryimage\"},\"image\":{\"@id\":\"https:\/\/documentation.feed.biz\/fr\/#primaryimage\"},\"thumbnailUrl\":\"http:\/\/documentation.feed.biz\/wp-content\/uploads\/2015\/12\/2015-12-10_16-21-27-1024x261.png\",\"datePublished\":\"2015-12-04T15:51:29+00:00\",\"dateModified\":\"2017-02-06T12:30:01+00:00\",\"breadcrumb\":{\"@id\":\"https:\/\/documentation.feed.biz\/fr\/#breadcrumb\"},\"inLanguage\":\"en-US\",\"potentialAction\":[{\"@type\":\"ReadAction\",\"target\":[\"https:\/\/documentation.feed.biz\/fr\/\"]}]},{\"@type\":\"ImageObject\",\"inLanguage\":\"en-US\",\"@id\":\"https:\/\/documentation.feed.biz\/fr\/#primaryimage\",\"url\":\"http:\/\/documentation.feed.biz\/wp-content\/uploads\/2015\/12\/2015-12-10_16-21-27-1024x261.png\",\"contentUrl\":\"http:\/\/documentation.feed.biz\/wp-content\/uploads\/2015\/12\/2015-12-10_16-21-27-1024x261.png\"},{\"@type\":\"BreadcrumbList\",\"@id\":\"https:\/\/documentation.feed.biz\/fr\/#breadcrumb\",\"itemListElement\":[{\"@type\":\"ListItem\",\"position\":1,\"name\":\"Home\",\"item\":\"https:\/\/documentation.feed.biz\/\"},{\"@type\":\"ListItem\",\"position\":2,\"name\":\"Accueil\"}]},{\"@type\":\"WebSite\",\"@id\":\"https:\/\/documentation.feed.biz\/#website\",\"url\":\"https:\/\/documentation.feed.biz\/\",\"name\":\"Documentation | Feed.Biz\",\"description\":\"Documentation\",\"potentialAction\":[{\"@type\":\"SearchAction\",\"target\":{\"@type\":\"EntryPoint\",\"urlTemplate\":\"https:\/\/documentation.feed.biz\/?s={search_term_string}\"},\"query-input\":{\"@type\":\"PropertyValueSpecification\",\"valueRequired\":true,\"valueName\":\"search_term_string\"}}],\"inLanguage\":\"en-US\"}]}<\/script>\n<!-- \/ Yoast SEO plugin. -->","yoast_head_json":{"title":"Accueil - Documentation | Feed.Biz","robots":{"index":"index","follow":"follow","max-snippet":"max-snippet:-1","max-image-preview":"max-image-preview:large","max-video-preview":"max-video-preview:-1"},"canonical":"https:\/\/documentation.feed.biz\/","og_locale":"en_US","og_type":"article","og_title":"Accueil - Documentation | Feed.Biz","og_description":"Accueil Bienvenue sur\u00a0la documentation en ligne sur Feed.biz. Si vous \u00eates arriv\u00e9 directement sur cette page, nous vous recommandons de la quitter et de vous laisser directement guider depuis l&#8217;interface Feed.biz, en effet, vous constaterez que chaque page de Feed.biz contient un lien vers sa page de documentation, ainsi, vous ...","og_url":"https:\/\/documentation.feed.biz\/fr\/","og_site_name":"Documentation | Feed.Biz","article_modified_time":"2017-02-06T12:30:01+00:00","og_image":[{"url":"http:\/\/documentation.feed.biz\/wp-content\/uploads\/2015\/12\/2015-12-10_16-21-27-1024x261.png"}],"twitter_card":"summary_large_image","twitter_misc":{"Est. reading time":"1 minute"},"schema":{"@context":"https:\/\/schema.org","@graph":[{"@type":"WebPage","@id":"https:\/\/documentation.feed.biz\/fr\/","url":"https:\/\/documentation.feed.biz\/fr\/","name":"Accueil - Documentation | Feed.Biz","isPartOf":{"@id":"https:\/\/documentation.feed.biz\/#website"},"primaryImageOfPage":{"@id":"https:\/\/documentation.feed.biz\/fr\/#primaryimage"},"image":{"@id":"https:\/\/documentation.feed.biz\/fr\/#primaryimage"},"thumbnailUrl":"http:\/\/documentation.feed.biz\/wp-content\/uploads\/2015\/12\/2015-12-10_16-21-27-1024x261.png","datePublished":"2015-12-04T15:51:29+00:00","dateModified":"2017-02-06T12:30:01+00:00","breadcrumb":{"@id":"https:\/\/documentation.feed.biz\/fr\/#breadcrumb"},"inLanguage":"en-US","potentialAction":[{"@type":"ReadAction","target":["https:\/\/documentation.feed.biz\/fr\/"]}]},{"@type":"ImageObject","inLanguage":"en-US","@id":"https:\/\/documentation.feed.biz\/fr\/#primaryimage","url":"http:\/\/documentation.feed.biz\/wp-content\/uploads\/2015\/12\/2015-12-10_16-21-27-1024x261.png","contentUrl":"http:\/\/documentation.feed.biz\/wp-content\/uploads\/2015\/12\/2015-12-10_16-21-27-1024x261.png"},{"@type":"BreadcrumbList","@id":"https:\/\/documentation.feed.biz\/fr\/#breadcrumb","itemListElement":[{"@type":"ListItem","position":1,"name":"Home","item":"https:\/\/documentation.feed.biz\/"},{"@type":"ListItem","position":2,"name":"Accueil"}]},{"@type":"WebSite","@id":"https:\/\/documentation.feed.biz\/#website","url":"https:\/\/documentation.feed.biz\/","name":"Documentation | Feed.Biz","description":"Documentation","potentialAction":[{"@type":"SearchAction","target":{"@type":"EntryPoint","urlTemplate":"https:\/\/documentation.feed.biz\/?s={search_term_string}"},"query-input":{"@type":"PropertyValueSpecification","valueRequired":true,"valueName":"search_term_string"}}],"inLanguage":"en-US"}]}},"_links":{"self":[{"href":"https:\/\/documentation.feed.biz\/fr\/wp-json\/wp\/v2\/pages\/4284\/"}],"collection":[{"href":"https:\/\/documentation.feed.biz\/fr\/wp-json\/wp\/v2\/pages\/"}],"about":[{"href":"https:\/\/documentation.feed.biz\/fr\/wp-json\/wp\/v2\/types\/page\/"}],"author":[{"embeddable":true,"href":"https:\/\/documentation.feed.biz\/fr\/wp-json\/wp\/v2\/users\/4\/"}],"replies":[{"embeddable":true,"href":"https:\/\/documentation.feed.biz\/fr\/wp-json\/wp\/v2\/comments\/?post=4284"}],"version-history":[{"count":8,"href":"https:\/\/documentation.feed.biz\/fr\/wp-json\/wp\/v2\/pages\/4284\/revisions\/"}],"predecessor-version":[{"id":6025,"href":"https:\/\/documentation.feed.biz\/fr\/wp-json\/wp\/v2\/pages\/4284\/revisions\/6025\/"}],"wp:attachment":[{"href":"https:\/\/documentation.feed.biz\/fr\/wp-json\/wp\/v2\/media\/?parent=4284"}],"wp:term":[{"taxonomy":"category","embeddable":true,"href":"https:\/\/documentation.feed.biz\/fr\/wp-json\/wp\/v2\/categories\/?post=4284"},{"taxonomy":"post_tag","embeddable":true,"href":"https:\/\/documentation.feed.biz\/fr\/wp-json\/wp\/v2\/tags\/?post=4284"}],"curies":[{"name":"wp","href":"https:\/\/api.w.org\/{rel}","templated":true}]}}